{"id":13647,"date":"2022-03-28T11:18:27","date_gmt":"2022-03-28T11:18:27","guid":{"rendered":"https:\/\/innengine.com\/blog\/"},"modified":"2022-07-21T15:46:32","modified_gmt":"2022-07-21T15:46:32","slug":"blog","status":"publish","type":"page","link":"https:\/\/innengine.com\/es\/blog\/","title":{"rendered":"Noticias"},"content":{"rendered":"\t\t<div data-elementor-type=\"wp-page\" data-elementor-id=\"13647\" class=\"elementor elementor-13647\" data-elementor-post-type=\"page\">\n\t\t\t\t\t\t<section class=\"elementor-section elementor-top-section elementor-element elementor-element-1e483b4 elementor-section-height-min-height elementor-section-boxed elementor-section-height-default elementor-section-items-middle\" data-id=\"1e483b4\" data-element_type=\"section\" data-e-type=\"section\" data-settings=\"{&quot;background_background&quot;:&quot;video&quot;,&quot;background_video_link&quot;:&quot;https:\\\/\\\/innengine.pruebas.tic4you.com\\\/wp-content\\\/uploads\\\/2022\\\/03\\\/Video-cabecera-blog.mp4&quot;,&quot;background_play_on_mobile&quot;:&quot;yes&quot;}\">\n\t\t\t\t\t\t\t\t<div class=\"elementor-background-video-container\">\n\t\t\t\t\t\t\t\t\t\t\t\t\t<video class=\"elementor-background-video-hosted\" role=\"presentation\" autoplay muted playsinline loop><\/video>\n\t\t\t\t\t\t\t\t\t\t\t<\/div>\n\t\t\t\t\t\t\t\t\t<div class=\"elementor-background-overlay\"><\/div>\n\t\t\t\t\t\t\t<div class=\"elementor-container elementor-column-gap-default\">\n\t\t\t\t\t<div class=\"elementor-column elementor-col-100 elementor-top-column elementor-element elementor-element-992e1fc\" data-id=\"992e1fc\" data-element_type=\"column\" data-e-type=\"column\">\n\t\t\t<div class=\"elementor-widget-wrap elementor-element-populated\">\n\t\t\t\t\t\t<div class=\"elementor-element elementor-element-1b2aad3 elementor-absolute elementor-widget elementor-widget-heading\" data-id=\"1b2aad3\" data-element_type=\"widget\" data-e-type=\"widget\" data-settings=\"{&quot;_position&quot;:&quot;absolute&quot;}\" data-widget_type=\"heading.default\">\n\t\t\t\t<div class=\"elementor-widget-container\">\n\t\t\t\t\t<span id=\"scroll69f516b4e5548\"  class=\"scrollMagicControl\" type=\"hidden\" wpmp_enable_desktop=\"yes\" wpmp_enable_tablet=\"yes\" wpmp_enable_mobile=\"yes\" wpmp_trigger_hook=\"0.5\" wpmp_reverse=\"yes\" wpmp_class_CSS =\"custom\" effect = {} split-text = {} value=\"scrollmagic\"><\/span><h2 class=\"elementor-heading-title elementor-size-default\">INNengine<\/h2>\t\t\t\t<\/div>\n\t\t\t\t<\/div>\n\t\t\t\t\t<\/div>\n\t\t<\/div>\n\t\t\t\t\t<\/div>\n\t\t<\/section>\n\t\t\t\t<section class=\"elementor-section elementor-top-section elementor-element elementor-element-f79e19d elementor-section-boxed elementor-section-height-default elementor-section-height-default\" data-id=\"f79e19d\" data-element_type=\"section\" data-e-type=\"section\" data-settings=\"{&quot;background_background&quot;:&quot;classic&quot;}\">\n\t\t\t\t\t\t<div class=\"elementor-container elementor-column-gap-default\">\n\t\t\t\t\t<div class=\"elementor-column elementor-col-100 elementor-top-column elementor-element elementor-element-e675685\" data-id=\"e675685\" data-element_type=\"column\" data-e-type=\"column\">\n\t\t\t<div class=\"elementor-widget-wrap elementor-element-populated\">\n\t\t\t\t\t\t<div class=\"elementor-element elementor-element-90f94da elementor-grid-3 elementor-grid-tablet-2 elementor-grid-mobile-1 elementor-posts--thumbnail-top elementor-posts__hover-gradient elementor-widget elementor-widget-posts\" data-id=\"90f94da\" data-element_type=\"widget\" data-e-type=\"widget\" data-settings=\"{&quot;cards_columns&quot;:&quot;3&quot;,&quot;cards_columns_tablet&quot;:&quot;2&quot;,&quot;cards_columns_mobile&quot;:&quot;1&quot;,&quot;cards_row_gap&quot;:{&quot;unit&quot;:&quot;px&quot;,&quot;size&quot;:35,&quot;sizes&quot;:[]},&quot;cards_row_gap_tablet&quot;:{&quot;unit&quot;:&quot;px&quot;,&quot;size&quot;:&quot;&quot;,&quot;sizes&quot;:[]},&quot;cards_row_gap_mobile&quot;:{&quot;unit&quot;:&quot;px&quot;,&quot;size&quot;:&quot;&quot;,&quot;sizes&quot;:[]}}\" data-widget_type=\"posts.cards\">\n\t\t\t\t<div class=\"elementor-widget-container\">\n\t\t\t\t\t<span id=\"scroll69f5db997d510\"  class=\"scrollMagicControl\" type=\"hidden\" wpmp_enable_desktop=\"yes\" wpmp_enable_tablet=\"yes\" wpmp_enable_mobile=\"yes\" wpmp_trigger_hook=\"0.5\" wpmp_reverse=\"yes\" wpmp_class_CSS =\"custom\" effect = {} split-text = {} value=\"scrollmagic\"><\/span>\t\t<div class=\"elementor-posts-container elementor-posts elementor-posts--skin-cards elementor-grid\" role=\"list\">\n\t\t\t\t<article class=\"elementor-post elementor-grid-item post-19412 post type-post status-publish format-standard has-post-thumbnail hentry category-sin-categoria\" role=\"listitem\">\n\t\t\t<div class=\"elementor-post__card\">\n\t\t\t\t<a class=\"elementor-post__thumbnail__link\" href=\"https:\/\/innengine.com\/es\/fabricacion_progreso\/\" tabindex=\"-1\" ><div class=\"elementor-post__thumbnail\"><img fetchpriority=\"high\" decoding=\"async\" width=\"600\" height=\"600\" src=\"https:\/\/innengine.com\/wp-content\/uploads\/2022\/10\/10-1-600x600.jpg\" class=\"attachment-medium size-medium wp-image-19409\" alt=\"\" srcset=\"https:\/\/innengine.com\/wp-content\/uploads\/2022\/10\/10-1-600x600.jpg 600w, https:\/\/innengine.com\/wp-content\/uploads\/2022\/10\/10-1-180x180.jpg 180w, https:\/\/innengine.com\/wp-content\/uploads\/2022\/10\/10-1-300x300.jpg 300w\" sizes=\"(max-width: 600px) 100vw, 600px\" \/><\/div><\/a>\n\t\t\t\t<div class=\"elementor-post__text\">\n\t\t\t\t<h3 class=\"elementor-post__title\">\n\t\t\t<a href=\"https:\/\/innengine.com\/es\/fabricacion_progreso\/\" >\n\t\t\t\tFabricaci\u00f3n pre-serie, premio Santander y progreso motor hidr\u00f3geno\t\t\t<\/a>\n\t\t<\/h3>\n\t\t\t\t<div class=\"elementor-post__excerpt\">\n\t\t\t<p>Con septiembre y medio octubre ya en el retrovisor os contamos lo que viene y en lo que estamos trabajando. La fabricaci\u00f3n de la primera<\/p>\n\t\t<\/div>\n\t\t\n\t\t<a class=\"elementor-post__read-more\" href=\"https:\/\/innengine.com\/es\/fabricacion_progreso\/\" aria-label=\"M\u00e1s informaci\u00f3n sobre Fabricaci\u00f3n pre-serie, premio Santander y progreso motor hidr\u00f3geno\" tabindex=\"-1\" >\n\t\t\tLeer mas\t\t<\/a>\n\n\t\t\t\t<\/div>\n\t\t\t\t<div class=\"elementor-post__meta-data\">\n\t\t\t\t\t<span class=\"elementor-post-date\">\n\t\t\toctubre 26, 2022\t\t<\/span>\n\t\t\t\t<\/div>\n\t\t\t\t\t<\/div>\n\t\t<\/article>\n\t\t\t\t<article class=\"elementor-post elementor-grid-item post-16846 post type-post status-publish format-standard has-post-thumbnail hentry category-sin-categorizar\" role=\"listitem\">\n\t\t\t<div class=\"elementor-post__card\">\n\t\t\t\t<a class=\"elementor-post__thumbnail__link\" href=\"https:\/\/innengine.com\/es\/estamos_dentro\/\" tabindex=\"-1\" ><div class=\"elementor-post__thumbnail\"><img decoding=\"async\" width=\"478\" height=\"319\" src=\"https:\/\/innengine.com\/wp-content\/uploads\/2022\/07\/EICpreview-1.png\" class=\"attachment-medium size-medium wp-image-16884\" alt=\"\" \/><\/div><\/a>\n\t\t\t\t<div class=\"elementor-post__text\">\n\t\t\t\t<h3 class=\"elementor-post__title\">\n\t\t\t<a href=\"https:\/\/innengine.com\/es\/estamos_dentro\/\" >\n\t\t\t\t\u00a1Estamos dentro!\t\t\t<\/a>\n\t\t<\/h3>\n\t\t\t\t<div class=\"elementor-post__excerpt\">\n\t\t\t<p>EIC Accelerator&nbsp;apoya a las&nbsp;Peque\u00f1as y Medianas Empresas (PYMES) individuales, en particular a las Startups y empresas spinout, para desarrollar y escalar innovaciones revolucionarias.&nbsp;En algunos casos,<\/p>\n\t\t<\/div>\n\t\t\n\t\t<a class=\"elementor-post__read-more\" href=\"https:\/\/innengine.com\/es\/estamos_dentro\/\" aria-label=\"M\u00e1s informaci\u00f3n sobre \u00a1Estamos dentro!\" tabindex=\"-1\" >\n\t\t\tLeer mas\t\t<\/a>\n\n\t\t\t\t<\/div>\n\t\t\t\t<div class=\"elementor-post__meta-data\">\n\t\t\t\t\t<span class=\"elementor-post-date\">\n\t\t\tjulio 1, 2022\t\t<\/span>\n\t\t\t\t<\/div>\n\t\t\t\t\t<\/div>\n\t\t<\/article>\n\t\t\t\t<\/div>\n\t\t\n\t\t\t\t\t\t<\/div>\n\t\t\t\t<\/div>\n\t\t\t\t\t<\/div>\n\t\t<\/div>\n\t\t\t\t\t<\/div>\n\t\t<\/section>\n\t\t\t\t<section class=\"elementor-section elementor-top-section elementor-element elementor-element-9244de0 elementor-section-boxed elementor-section-height-default elementor-section-height-default\" data-id=\"9244de0\" data-element_type=\"section\" data-e-type=\"section\" data-settings=\"{&quot;background_background&quot;:&quot;classic&quot;}\">\n\t\t\t\t\t\t<div class=\"elementor-container elementor-column-gap-default\">\n\t\t\t\t\t<div class=\"elementor-column elementor-col-100 elementor-top-column elementor-element elementor-element-2db3d3e\" data-id=\"2db3d3e\" data-element_type=\"column\" data-e-type=\"column\">\n\t\t\t<div class=\"elementor-widget-wrap\">\n\t\t\t\t\t\t\t<\/div>\n\t\t<\/div>\n\t\t\t\t\t<\/div>\n\t\t<\/section>\n\t\t\t\t<section class=\"elementor-section elementor-top-section elementor-element elementor-element-344bc5c elementor-section-boxed elementor-section-height-default elementor-section-height-default\" data-id=\"344bc5c\" data-element_type=\"section\" data-e-type=\"section\" data-settings=\"{&quot;background_background&quot;:&quot;classic&quot;}\">\n\t\t\t\t\t\t<div class=\"elementor-container elementor-column-gap-default\">\n\t\t\t\t\t<div class=\"elementor-column elementor-col-100 elementor-top-column elementor-element elementor-element-69bbc9a\" data-id=\"69bbc9a\" data-element_type=\"column\" data-e-type=\"column\">\n\t\t\t<div class=\"elementor-widget-wrap elementor-element-populated\">\n\t\t\t\t\t\t<div class=\"elementor-element elementor-element-ae3731e elementor-widget elementor-widget-heading\" data-id=\"ae3731e\" data-element_type=\"widget\" data-e-type=\"widget\" data-widget_type=\"heading.default\">\n\t\t\t\t<div class=\"elementor-widget-container\">\n\t\t\t\t\t<span id=\"scroll69f516b4eaa92\"  class=\"scrollMagicControl\" type=\"hidden\" wpmp_enable_desktop=\"yes\" wpmp_enable_tablet=\"yes\" wpmp_enable_mobile=\"yes\" wpmp_trigger_hook=\"0.5\" wpmp_reverse=\"yes\" wpmp_class_CSS =\"custom\" effect = {} split-text = {} value=\"scrollmagic\"><\/span><h2 class=\"elementor-heading-title elementor-size-default\">Subscr\u00edbete a nuestro Newsletter<\/h2>\t\t\t\t<\/div>\n\t\t\t\t<\/div>\n\t\t\t\t<div class=\"elementor-element elementor-element-78280d7 elementor-align-center elementor-widget elementor-widget-button\" data-id=\"78280d7\" data-element_type=\"widget\" data-e-type=\"widget\" data-widget_type=\"button.default\">\n\t\t\t\t<div class=\"elementor-widget-container\">\n\t\t\t\t\t<span id=\"scroll69f516b4eaefa\"  class=\"scrollMagicControl\" type=\"hidden\" wpmp_enable_desktop=\"yes\" wpmp_enable_tablet=\"yes\" wpmp_enable_mobile=\"yes\" wpmp_trigger_hook=\"0.5\" wpmp_reverse=\"yes\" wpmp_class_CSS =\"custom\" effect = {} split-text = {} value=\"scrollmagic\"><\/span>\t\t\t\t<div class=\"elementor-button-wrapper\">\n\t\t\t\t\t<a class=\"elementor-button elementor-button-link elementor-size-sm\" href=\"http:\/\/eepurl.com\/h53R3L\">\n\t\t\t\t\t\t<span class=\"elementor-button-content-wrapper\">\n\t\t\t\t\t\t\t\t\t<span class=\"elementor-button-text\">Subscribirse<\/span>\n\t\t\t\t\t<\/span>\n\t\t\t\t\t<\/a>\n\t\t\t\t<\/div>\n\t\t\t\t\t\t\t\t<\/div>\n\t\t\t\t<\/div>\n\t\t\t\t\t<\/div>\n\t\t<\/div>\n\t\t\t\t\t<\/div>\n\t\t<\/section>\n\t\t\t\t<section class=\"elementor-section elementor-top-section elementor-element elementor-element-21d99f4 elementor-section-boxed elementor-section-height-default elementor-section-height-default\" data-id=\"21d99f4\" data-element_type=\"section\" data-e-type=\"section\" data-settings=\"{&quot;background_background&quot;:&quot;classic&quot;}\">\n\t\t\t\t\t\t<div class=\"elementor-container elementor-column-gap-default\">\n\t\t\t\t\t<div class=\"elementor-column elementor-col-100 elementor-top-column elementor-element elementor-element-54cd31c\" data-id=\"54cd31c\" data-element_type=\"column\" data-e-type=\"column\">\n\t\t\t<div class=\"elementor-widget-wrap\">\n\t\t\t\t\t\t\t<\/div>\n\t\t<\/div>\n\t\t\t\t\t<\/div>\n\t\t<\/section>\n\t\t\t\t<\/div>\n\t\t","protected":false},"excerpt":{"rendered":"<p>INNengine [rev_slider alias=\u00bbhome-slider\u00bb slidertitle=\u00bbText Slider Home\u00bb][\/rev_slider] Subscr\u00edbete a nuestro Newsletter Subscribirse<\/p>\n","protected":false},"author":1,"featured_media":0,"parent":0,"menu_order":0,"comment_status":"closed","ping_status":"closed","template":"elementor_header_footer","meta":{"footnotes":""},"class_list":["post-13647","page","type-page","status-publish","hentry"],"yoast_head":"<!-- This site is optimized with the Yoast SEO plugin v27.5 - https:\/\/yoast.com\/product\/yoast-seo-wordpress\/ -->\n<title>Noticias - INNengine<\/title>\n<meta name=\"robots\" content=\"index, follow, max-snippet:-1, max-image-preview:large, max-video-preview:-1\" \/>\n<link rel=\"canonical\" href=\"https:\/\/innengine.com\/news\/\" \/>\n<meta property=\"og:locale\" content=\"es_ES\" \/>\n<meta property=\"og:type\" content=\"article\" \/>\n<meta property=\"og:title\" content=\"Noticias - INNengine\" \/>\n<meta property=\"og:description\" content=\"INNengine [rev_slider alias=\u00bbhome-slider\u00bb slidertitle=\u00bbText Slider Home\u00bb][\/rev_slider] Subscr\u00edbete a nuestro Newsletter Subscribirse\" \/>\n<meta property=\"og:url\" content=\"https:\/\/innengine.com\/news\/\" \/>\n<meta property=\"og:site_name\" content=\"INNengine\" \/>\n<meta property=\"article:modified_time\" content=\"2022-07-21T15:46:32+00:00\" \/>\n<meta name=\"twitter:card\" content=\"summary_large_image\" \/>\n<script type=\"application\/ld+json\" class=\"yoast-schema-graph\">{\"@context\":\"https:\\\/\\\/schema.org\",\"@graph\":[{\"@type\":\"WebPage\",\"@id\":\"https:\\\/\\\/innengine.com\\\/news\\\/\",\"url\":\"https:\\\/\\\/innengine.com\\\/news\\\/\",\"name\":\"Noticias - INNengine\",\"isPartOf\":{\"@id\":\"https:\\\/\\\/innengine.com\\\/#website\"},\"datePublished\":\"2022-03-28T11:18:27+00:00\",\"dateModified\":\"2022-07-21T15:46:32+00:00\",\"breadcrumb\":{\"@id\":\"https:\\\/\\\/innengine.com\\\/news\\\/#breadcrumb\"},\"inLanguage\":\"es\",\"potentialAction\":[{\"@type\":\"ReadAction\",\"target\":[\"https:\\\/\\\/innengine.com\\\/news\\\/\"]}]},{\"@type\":\"BreadcrumbList\",\"@id\":\"https:\\\/\\\/innengine.com\\\/news\\\/#breadcrumb\",\"itemListElement\":[{\"@type\":\"ListItem\",\"position\":1,\"name\":\"Home\",\"item\":\"https:\\\/\\\/innengine.com\\\/\"},{\"@type\":\"ListItem\",\"position\":2,\"name\":\"Noticias\"}]},{\"@type\":\"WebSite\",\"@id\":\"https:\\\/\\\/innengine.com\\\/#website\",\"url\":\"https:\\\/\\\/innengine.com\\\/\",\"name\":\"INNengine\",\"description\":\"INNengine\",\"publisher\":{\"@id\":\"https:\\\/\\\/innengine.com\\\/#organization\"},\"potentialAction\":[{\"@type\":\"SearchAction\",\"target\":{\"@type\":\"EntryPoint\",\"urlTemplate\":\"https:\\\/\\\/innengine.com\\\/?s={search_term_string}\"},\"query-input\":{\"@type\":\"PropertyValueSpecification\",\"valueRequired\":true,\"valueName\":\"search_term_string\"}}],\"inLanguage\":\"es\"},{\"@type\":\"Organization\",\"@id\":\"https:\\\/\\\/innengine.com\\\/#organization\",\"name\":\"INNengine\",\"url\":\"https:\\\/\\\/innengine.com\\\/\",\"logo\":{\"@type\":\"ImageObject\",\"inLanguage\":\"es\",\"@id\":\"https:\\\/\\\/innengine.com\\\/#\\\/schema\\\/logo\\\/image\\\/\",\"url\":\"https:\\\/\\\/innengine.com\\\/wp-content\\\/uploads\\\/2022\\\/04\\\/icon-150x150-1.png\",\"contentUrl\":\"https:\\\/\\\/innengine.com\\\/wp-content\\\/uploads\\\/2022\\\/04\\\/icon-150x150-1.png\",\"width\":150,\"height\":150,\"caption\":\"INNengine\"},\"image\":{\"@id\":\"https:\\\/\\\/innengine.com\\\/#\\\/schema\\\/logo\\\/image\\\/\"}}]}<\/script>\n<!-- \/ Yoast SEO plugin. -->","yoast_head_json":{"title":"Noticias - INNengine","robots":{"index":"index","follow":"follow","max-snippet":"max-snippet:-1","max-image-preview":"max-image-preview:large","max-video-preview":"max-video-preview:-1"},"canonical":"https:\/\/innengine.com\/news\/","og_locale":"es_ES","og_type":"article","og_title":"Noticias - INNengine","og_description":"INNengine [rev_slider alias=\u00bbhome-slider\u00bb slidertitle=\u00bbText Slider Home\u00bb][\/rev_slider] Subscr\u00edbete a nuestro Newsletter Subscribirse","og_url":"https:\/\/innengine.com\/news\/","og_site_name":"INNengine","article_modified_time":"2022-07-21T15:46:32+00:00","twitter_card":"summary_large_image","schema":{"@context":"https:\/\/schema.org","@graph":[{"@type":"WebPage","@id":"https:\/\/innengine.com\/news\/","url":"https:\/\/innengine.com\/news\/","name":"Noticias - INNengine","isPartOf":{"@id":"https:\/\/innengine.com\/#website"},"datePublished":"2022-03-28T11:18:27+00:00","dateModified":"2022-07-21T15:46:32+00:00","breadcrumb":{"@id":"https:\/\/innengine.com\/news\/#breadcrumb"},"inLanguage":"es","potentialAction":[{"@type":"ReadAction","target":["https:\/\/innengine.com\/news\/"]}]},{"@type":"BreadcrumbList","@id":"https:\/\/innengine.com\/news\/#breadcrumb","itemListElement":[{"@type":"ListItem","position":1,"name":"Home","item":"https:\/\/innengine.com\/"},{"@type":"ListItem","position":2,"name":"Noticias"}]},{"@type":"WebSite","@id":"https:\/\/innengine.com\/#website","url":"https:\/\/innengine.com\/","name":"INNengine","description":"INNengine","publisher":{"@id":"https:\/\/innengine.com\/#organization"},"potentialAction":[{"@type":"SearchAction","target":{"@type":"EntryPoint","urlTemplate":"https:\/\/innengine.com\/?s={search_term_string}"},"query-input":{"@type":"PropertyValueSpecification","valueRequired":true,"valueName":"search_term_string"}}],"inLanguage":"es"},{"@type":"Organization","@id":"https:\/\/innengine.com\/#organization","name":"INNengine","url":"https:\/\/innengine.com\/","logo":{"@type":"ImageObject","inLanguage":"es","@id":"https:\/\/innengine.com\/#\/schema\/logo\/image\/","url":"https:\/\/innengine.com\/wp-content\/uploads\/2022\/04\/icon-150x150-1.png","contentUrl":"https:\/\/innengine.com\/wp-content\/uploads\/2022\/04\/icon-150x150-1.png","width":150,"height":150,"caption":"INNengine"},"image":{"@id":"https:\/\/innengine.com\/#\/schema\/logo\/image\/"}}]}},"jetpack_sharing_enabled":true,"_links":{"self":[{"href":"https:\/\/innengine.com\/es\/wp-json\/wp\/v2\/pages\/13647","targetHints":{"allow":["GET"]}}],"collection":[{"href":"https:\/\/innengine.com\/es\/wp-json\/wp\/v2\/pages"}],"about":[{"href":"https:\/\/innengine.com\/es\/wp-json\/wp\/v2\/types\/page"}],"author":[{"embeddable":true,"href":"https:\/\/innengine.com\/es\/wp-json\/wp\/v2\/users\/1"}],"replies":[{"embeddable":true,"href":"https:\/\/innengine.com\/es\/wp-json\/wp\/v2\/comments?post=13647"}],"version-history":[{"count":0,"href":"https:\/\/innengine.com\/es\/wp-json\/wp\/v2\/pages\/13647\/revisions"}],"wp:attachment":[{"href":"https:\/\/innengine.com\/es\/wp-json\/wp\/v2\/media?parent=13647"}],"curies":[{"name":"wp","href":"https:\/\/api.w.org\/{rel}","templated":true}]}}