{"id":21205,"date":"2023-03-31T14:48:58","date_gmt":"2023-03-31T14:48:58","guid":{"rendered":"https:\/\/innengine.com\/phiadi\/"},"modified":"2023-03-31T15:38:39","modified_gmt":"2023-03-31T15:38:39","slug":"phiadi","status":"publish","type":"page","link":"https:\/\/innengine.com\/es\/phiadi\/","title":{"rendered":"Phiadi"},"content":{"rendered":"\t\t<div data-elementor-type=\"wp-page\" data-elementor-id=\"21205\" class=\"elementor elementor-21205 elementor-21177\" data-elementor-post-type=\"page\">\n\t\t\t\t\t\t<section class=\"elementor-section elementor-top-section elementor-element elementor-element-3590758 elementor-section-height-min-height elementor-section-stretched elementor-section-boxed elementor-section-height-default elementor-section-items-middle\" data-id=\"3590758\" data-element_type=\"section\" data-settings=\"{&quot;background_background&quot;:&quot;video&quot;,&quot;background_play_on_mobile&quot;:&quot;yes&quot;,&quot;stretch_section&quot;:&quot;section-stretched&quot;}\">\n\t\t\t\t\t\t\t<div class=\"elementor-background-overlay\"><\/div>\n\t\t\t\t\t\t\t<div class=\"elementor-container elementor-column-gap-default\">\n\t\t\t\t\t<div class=\"elementor-column elementor-col-100 elementor-top-column elementor-element elementor-element-960380e\" data-id=\"960380e\" data-element_type=\"column\">\n\t\t\t<div class=\"elementor-widget-wrap\">\n\t\t\t\t\t\t\t<\/div>\n\t\t<\/div>\n\t\t\t\t\t<\/div>\n\t\t<\/section>\n\t\t\t\t<section class=\"elementor-section elementor-top-section elementor-element elementor-element-41342dba elementor-section-content-bottom elementor-section-stretched elementor-section-boxed elementor-section-height-default elementor-section-height-default\" data-id=\"41342dba\" data-element_type=\"section\" data-settings=\"{&quot;stretch_section&quot;:&quot;section-stretched&quot;}\">\n\t\t\t\t\t\t<div class=\"elementor-container elementor-column-gap-no\">\n\t\t\t\t\t<div class=\"elementor-column elementor-col-100 elementor-top-column elementor-element elementor-element-3147c4ea\" data-id=\"3147c4ea\" data-element_type=\"column\">\n\t\t\t<div class=\"elementor-widget-wrap elementor-element-populated\">\n\t\t\t\t\t\t<div class=\"elementor-element elementor-element-1d77231 elementor-widget elementor-widget-image\" data-id=\"1d77231\" data-element_type=\"widget\" data-widget_type=\"image.default\">\n\t\t\t\t<div class=\"elementor-widget-container\">\n\t\t\t\t\t<span id=\"scroll69e9afb208e51\"  class=\"scrollMagicControl\" type=\"hidden\" effect = {} wpmp_enable_desktop=\"yes\" wpmp_enable_tablet=\"yes\" wpmp_enable_mobile=\"yes\" wpmp_trigger_hook=\"0.5\" wpmp_reverse=\"yes\" wpmp_class_CSS =\"custom\" split-text = {} value=\"scrollmagic\"><\/span>\t\t\t\t\t\t\t\t\t\t<img decoding=\"async\" width=\"268\" height=\"53\" src=\"https:\/\/innengine.com\/wp-content\/uploads\/2023\/03\/UElogo.webp\" class=\"attachment-large size-large wp-image-21180\" alt=\"\" \/>\t\t\t\t\t\t\t\t\t\t\t\t\t\t\t<\/div>\n\t\t\t\t<\/div>\n\t\t\t\t<div class=\"elementor-element elementor-element-8d93f2d elementor-widget elementor-widget-image\" data-id=\"8d93f2d\" data-element_type=\"widget\" data-widget_type=\"image.default\">\n\t\t\t\t<div class=\"elementor-widget-container\">\n\t\t\t\t\t<span id=\"scroll69e9afb20ee28\"  class=\"scrollMagicControl\" type=\"hidden\" effect = {} wpmp_enable_desktop=\"yes\" wpmp_enable_tablet=\"yes\" wpmp_enable_mobile=\"yes\" wpmp_trigger_hook=\"0.5\" wpmp_reverse=\"yes\" wpmp_class_CSS =\"custom\" split-text = {} value=\"scrollmagic\"><\/span>\t\t\t\t\t\t\t\t\t\t<img decoding=\"async\" width=\"286\" height=\"53\" src=\"https:\/\/innengine.com\/wp-content\/uploads\/2023\/03\/cdti_inovation.webp\" class=\"attachment-large size-large wp-image-21182\" alt=\"\" \/>\t\t\t\t\t\t\t\t\t\t\t\t\t\t\t<\/div>\n\t\t\t\t<\/div>\n\t\t\t\t<div class=\"elementor-element elementor-element-58f590de elementor-widget elementor-widget-text-editor\" data-id=\"58f590de\" data-element_type=\"widget\" data-widget_type=\"text-editor.default\">\n\t\t\t\t<div class=\"elementor-widget-container\">\n\t\t\t\t\t<span id=\"scroll69e9db9c3c25c\"  class=\"scrollMagicControl\" type=\"hidden\" effect = {} wpmp_enable_desktop=\"yes\" wpmp_enable_tablet=\"yes\" wpmp_enable_mobile=\"yes\" wpmp_trigger_hook=\"0.5\" wpmp_reverse=\"yes\" wpmp_class_CSS =\"custom\" split-text = {} value=\"scrollmagic\"><\/span>\t\t\t\t<h3>PHIADI \u2013 Propulsi\u00f3n de hidr\u00f3geno innovadora, avanzada e inteligente<\/h3>\n<div>\n<h5>\n              <span style=\"font-size: 16px;\">El proyecto PHIADI sigue su desarrollo conforme al plan aprobado por CDTI.<\/span><br \/>\n            <\/h5>\n<\/p><\/div>\n<p><strong>PHIADI<\/strong> (Propulsi\u00f3n de hidr\u00f3geno innovadora, avanzada e inteligente) tiene como objetivo investigar para obtener un sistema de propulsi\u00f3n enfocado en cero emisiones, utilizando un sistema de almacenamiento de hidr\u00f3geno gaseoso, y la evaluaci\u00f3n del tren de potencia basado en la generaci\u00f3n de energ\u00eda el\u00e9ctrica en una c\u00e9lula de combustible y el suministro de un motor de combusti\u00f3n directa utilizando la tecnolog\u00eda de motor INNengine, adaptado para la combusti\u00f3n de hidr\u00f3geno. Como resultado, se llevar\u00e1 a cabo una evaluaci\u00f3n final de soluciones h\u00edbridas a un nivel de madurez tecnol\u00f3gica de 4 (TRL4). Uno de los mercados objetivo es el de aeronaves tipo CS23.<\/p>\n<p>El consorcio est\u00e1 compuesto por los siguientes socios:<\/p>\n<p style=\"padding-left: 40px;\"><strong>GUTMAR<\/strong>, con el papel de coordinador y el de realizar el mecanizado de precisi\u00f3n de los componentes mec\u00e1nicos y futura integraci\u00f3n, adem\u00e1s de la fabricaci\u00f3n del sistema de almacenamiento de H2 y la integraci\u00f3n del banco de pruebas hasta TRL4.<br \/>\u200b\u200b<\/p>\n<p style=\"padding-left: 40px;\"><strong>EDAIR<\/strong>, con el papel de socio y para el dise\u00f1o del sistema de almacenamiento, arquitectura del sistema e implementaci\u00f3n del Sistema de Gesti\u00f3n de Energ\u00eda.<br \/>\u200b<\/p>\n<p style=\"padding-left: 40px;\"><strong>INNENGINE<\/strong>, con el papel de socio y propietario del motor de combusti\u00f3n \u00abone-time\u00bb patentado y responsable de adaptarlo para que queme hidr\u00f3geno, en lugar de combustible f\u00f3sil. El proyecto est\u00e1 subvencionado por el CDTI, con el apoyo del Ministerio de Ciencia e Innovaci\u00f3n, y recibe fondos, a trav\u00e9s del CDTI, del Mecanismo de Recuperaci\u00f3n y Resiliencia de la Uni\u00f3n Europea.<\/p>\n\t\t\t\t\t\t\t\t<\/div>\n\t\t\t\t<\/div>\n\t\t\t\t<div class=\"elementor-element elementor-element-1bbb2f1 elementor-widget elementor-widget-image\" data-id=\"1bbb2f1\" data-element_type=\"widget\" data-widget_type=\"image.default\">\n\t\t\t\t<div class=\"elementor-widget-container\">\n\t\t\t\t\t<span id=\"scroll69e9afb2101d3\"  class=\"scrollMagicControl\" type=\"hidden\" effect = {} wpmp_enable_desktop=\"yes\" wpmp_enable_tablet=\"yes\" wpmp_enable_mobile=\"yes\" wpmp_trigger_hook=\"0.5\" wpmp_reverse=\"yes\" wpmp_class_CSS =\"custom\" split-text = {} value=\"scrollmagic\"><\/span>\t\t\t\t\t\t\t\t\t\t<img fetchpriority=\"high\" decoding=\"async\" width=\"596\" height=\"440\" src=\"https:\/\/innengine.com\/wp-content\/uploads\/2023\/03\/Proyecto_phiadi.webp\" class=\"attachment-large size-large wp-image-21184\" alt=\"\" \/>\t\t\t\t\t\t\t\t\t\t\t\t\t\t\t<\/div>\n\t\t\t\t<\/div>\n\t\t\t\t\t<\/div>\n\t\t<\/div>\n\t\t\t\t\t<\/div>\n\t\t<\/section>\n\t\t\t\t<\/div>\n\t\t","protected":false},"excerpt":{"rendered":"<p>PHIADI \u2013 Propulsi\u00f3n de hidr\u00f3geno innovadora, avanzada e inteligente El proyecto PHIADI sigue su desarrollo conforme al plan aprobado por CDTI. PHIADI (Propulsi\u00f3n de hidr\u00f3geno innovadora, avanzada e inteligente) tiene como objetivo investigar para obtener un sistema de propulsi\u00f3n enfocado en cero emisiones, utilizando un sistema de almacenamiento de hidr\u00f3geno gaseoso, y la evaluaci\u00f3n del [&hellip;]<\/p>\n","protected":false},"author":1,"featured_media":0,"parent":0,"menu_order":0,"comment_status":"closed","ping_status":"closed","template":"","meta":{"footnotes":""},"class_list":["post-21205","page","type-page","status-publish","hentry"],"yoast_head":"<!-- This site is optimized with the Yoast SEO plugin v26.7 - https:\/\/yoast.com\/wordpress\/plugins\/seo\/ -->\n<title>Phiadi - INNengine<\/title>\n<meta name=\"robots\" content=\"index, follow, max-snippet:-1, max-image-preview:large, max-video-preview:-1\" \/>\n<link rel=\"canonical\" href=\"https:\/\/innengine.com\/phiadi\/\" \/>\n<meta property=\"og:locale\" content=\"es_ES\" \/>\n<meta property=\"og:type\" content=\"article\" \/>\n<meta property=\"og:title\" content=\"Phiadi - INNengine\" \/>\n<meta property=\"og:description\" content=\"PHIADI \u2013 Propulsi\u00f3n de hidr\u00f3geno innovadora, avanzada e inteligente El proyecto PHIADI sigue su desarrollo conforme al plan aprobado por CDTI. PHIADI (Propulsi\u00f3n de hidr\u00f3geno innovadora, avanzada e inteligente) tiene como objetivo investigar para obtener un sistema de propulsi\u00f3n enfocado en cero emisiones, utilizando un sistema de almacenamiento de hidr\u00f3geno gaseoso, y la evaluaci\u00f3n del [&hellip;]\" \/>\n<meta property=\"og:url\" content=\"https:\/\/innengine.com\/phiadi\/\" \/>\n<meta property=\"og:site_name\" content=\"INNengine\" \/>\n<meta property=\"article:modified_time\" content=\"2023-03-31T15:38:39+00:00\" \/>\n<meta property=\"og:image\" content=\"https:\/\/innengine.com\/wp-content\/uploads\/2023\/03\/UElogo.webp\" \/>\n\t<meta property=\"og:image:width\" content=\"268\" \/>\n\t<meta property=\"og:image:height\" content=\"53\" \/>\n\t<meta property=\"og:image:type\" content=\"image\/webp\" \/>\n<meta name=\"twitter:card\" content=\"summary_large_image\" \/>\n<meta name=\"twitter:label1\" content=\"Tiempo de lectura\" \/>\n\t<meta name=\"twitter:data1\" content=\"1 minuto\" \/>\n<script type=\"application\/ld+json\" class=\"yoast-schema-graph\">{\"@context\":\"https:\/\/schema.org\",\"@graph\":[{\"@type\":\"WebPage\",\"@id\":\"https:\/\/innengine.com\/phiadi\/\",\"url\":\"https:\/\/innengine.com\/phiadi\/\",\"name\":\"Phiadi - INNengine\",\"isPartOf\":{\"@id\":\"https:\/\/innengine.com\/#website\"},\"primaryImageOfPage\":{\"@id\":\"https:\/\/innengine.com\/phiadi\/#primaryimage\"},\"image\":{\"@id\":\"https:\/\/innengine.com\/phiadi\/#primaryimage\"},\"thumbnailUrl\":\"https:\/\/innengine.com\/wp-content\/uploads\/2023\/03\/UElogo.webp\",\"datePublished\":\"2023-03-31T14:48:58+00:00\",\"dateModified\":\"2023-03-31T15:38:39+00:00\",\"breadcrumb\":{\"@id\":\"https:\/\/innengine.com\/phiadi\/#breadcrumb\"},\"inLanguage\":\"es\",\"potentialAction\":[{\"@type\":\"ReadAction\",\"target\":[\"https:\/\/innengine.com\/phiadi\/\"]}]},{\"@type\":\"ImageObject\",\"inLanguage\":\"es\",\"@id\":\"https:\/\/innengine.com\/phiadi\/#primaryimage\",\"url\":\"https:\/\/innengine.com\/wp-content\/uploads\/2023\/03\/UElogo.webp\",\"contentUrl\":\"https:\/\/innengine.com\/wp-content\/uploads\/2023\/03\/UElogo.webp\"},{\"@type\":\"BreadcrumbList\",\"@id\":\"https:\/\/innengine.com\/phiadi\/#breadcrumb\",\"itemListElement\":[{\"@type\":\"ListItem\",\"position\":1,\"name\":\"Home\",\"item\":\"https:\/\/innengine.com\/\"},{\"@type\":\"ListItem\",\"position\":2,\"name\":\"Phiadi\"}]},{\"@type\":\"WebSite\",\"@id\":\"https:\/\/innengine.com\/#website\",\"url\":\"https:\/\/innengine.com\/\",\"name\":\"INNengine\",\"description\":\"INNengine\",\"publisher\":{\"@id\":\"https:\/\/innengine.com\/#organization\"},\"potentialAction\":[{\"@type\":\"SearchAction\",\"target\":{\"@type\":\"EntryPoint\",\"urlTemplate\":\"https:\/\/innengine.com\/?s={search_term_string}\"},\"query-input\":{\"@type\":\"PropertyValueSpecification\",\"valueRequired\":true,\"valueName\":\"search_term_string\"}}],\"inLanguage\":\"es\"},{\"@type\":\"Organization\",\"@id\":\"https:\/\/innengine.com\/#organization\",\"name\":\"INNengine\",\"url\":\"https:\/\/innengine.com\/\",\"logo\":{\"@type\":\"ImageObject\",\"inLanguage\":\"es\",\"@id\":\"https:\/\/innengine.com\/#\/schema\/logo\/image\/\",\"url\":\"https:\/\/innengine.com\/wp-content\/uploads\/2022\/04\/icon-150x150-1.png\",\"contentUrl\":\"https:\/\/innengine.com\/wp-content\/uploads\/2022\/04\/icon-150x150-1.png\",\"width\":150,\"height\":150,\"caption\":\"INNengine\"},\"image\":{\"@id\":\"https:\/\/innengine.com\/#\/schema\/logo\/image\/\"}}]}<\/script>\n<!-- \/ Yoast SEO plugin. -->","yoast_head_json":{"title":"Phiadi - INNengine","robots":{"index":"index","follow":"follow","max-snippet":"max-snippet:-1","max-image-preview":"max-image-preview:large","max-video-preview":"max-video-preview:-1"},"canonical":"https:\/\/innengine.com\/phiadi\/","og_locale":"es_ES","og_type":"article","og_title":"Phiadi - INNengine","og_description":"PHIADI \u2013 Propulsi\u00f3n de hidr\u00f3geno innovadora, avanzada e inteligente El proyecto PHIADI sigue su desarrollo conforme al plan aprobado por CDTI. PHIADI (Propulsi\u00f3n de hidr\u00f3geno innovadora, avanzada e inteligente) tiene como objetivo investigar para obtener un sistema de propulsi\u00f3n enfocado en cero emisiones, utilizando un sistema de almacenamiento de hidr\u00f3geno gaseoso, y la evaluaci\u00f3n del [&hellip;]","og_url":"https:\/\/innengine.com\/phiadi\/","og_site_name":"INNengine","article_modified_time":"2023-03-31T15:38:39+00:00","og_image":[{"width":268,"height":53,"url":"https:\/\/innengine.com\/wp-content\/uploads\/2023\/03\/UElogo.webp","type":"image\/webp"}],"twitter_card":"summary_large_image","twitter_misc":{"Tiempo de lectura":"1 minuto"},"schema":{"@context":"https:\/\/schema.org","@graph":[{"@type":"WebPage","@id":"https:\/\/innengine.com\/phiadi\/","url":"https:\/\/innengine.com\/phiadi\/","name":"Phiadi - INNengine","isPartOf":{"@id":"https:\/\/innengine.com\/#website"},"primaryImageOfPage":{"@id":"https:\/\/innengine.com\/phiadi\/#primaryimage"},"image":{"@id":"https:\/\/innengine.com\/phiadi\/#primaryimage"},"thumbnailUrl":"https:\/\/innengine.com\/wp-content\/uploads\/2023\/03\/UElogo.webp","datePublished":"2023-03-31T14:48:58+00:00","dateModified":"2023-03-31T15:38:39+00:00","breadcrumb":{"@id":"https:\/\/innengine.com\/phiadi\/#breadcrumb"},"inLanguage":"es","potentialAction":[{"@type":"ReadAction","target":["https:\/\/innengine.com\/phiadi\/"]}]},{"@type":"ImageObject","inLanguage":"es","@id":"https:\/\/innengine.com\/phiadi\/#primaryimage","url":"https:\/\/innengine.com\/wp-content\/uploads\/2023\/03\/UElogo.webp","contentUrl":"https:\/\/innengine.com\/wp-content\/uploads\/2023\/03\/UElogo.webp"},{"@type":"BreadcrumbList","@id":"https:\/\/innengine.com\/phiadi\/#breadcrumb","itemListElement":[{"@type":"ListItem","position":1,"name":"Home","item":"https:\/\/innengine.com\/"},{"@type":"ListItem","position":2,"name":"Phiadi"}]},{"@type":"WebSite","@id":"https:\/\/innengine.com\/#website","url":"https:\/\/innengine.com\/","name":"INNengine","description":"INNengine","publisher":{"@id":"https:\/\/innengine.com\/#organization"},"potentialAction":[{"@type":"SearchAction","target":{"@type":"EntryPoint","urlTemplate":"https:\/\/innengine.com\/?s={search_term_string}"},"query-input":{"@type":"PropertyValueSpecification","valueRequired":true,"valueName":"search_term_string"}}],"inLanguage":"es"},{"@type":"Organization","@id":"https:\/\/innengine.com\/#organization","name":"INNengine","url":"https:\/\/innengine.com\/","logo":{"@type":"ImageObject","inLanguage":"es","@id":"https:\/\/innengine.com\/#\/schema\/logo\/image\/","url":"https:\/\/innengine.com\/wp-content\/uploads\/2022\/04\/icon-150x150-1.png","contentUrl":"https:\/\/innengine.com\/wp-content\/uploads\/2022\/04\/icon-150x150-1.png","width":150,"height":150,"caption":"INNengine"},"image":{"@id":"https:\/\/innengine.com\/#\/schema\/logo\/image\/"}}]}},"jetpack_sharing_enabled":true,"_links":{"self":[{"href":"https:\/\/innengine.com\/es\/wp-json\/wp\/v2\/pages\/21205","targetHints":{"allow":["GET"]}}],"collection":[{"href":"https:\/\/innengine.com\/es\/wp-json\/wp\/v2\/pages"}],"about":[{"href":"https:\/\/innengine.com\/es\/wp-json\/wp\/v2\/types\/page"}],"author":[{"embeddable":true,"href":"https:\/\/innengine.com\/es\/wp-json\/wp\/v2\/users\/1"}],"replies":[{"embeddable":true,"href":"https:\/\/innengine.com\/es\/wp-json\/wp\/v2\/comments?post=21205"}],"version-history":[{"count":0,"href":"https:\/\/innengine.com\/es\/wp-json\/wp\/v2\/pages\/21205\/revisions"}],"wp:attachment":[{"href":"https:\/\/innengine.com\/es\/wp-json\/wp\/v2\/media?parent=21205"}],"curies":[{"name":"wp","href":"https:\/\/api.w.org\/{rel}","templated":true}]}}