{"id":29133,"date":"2025-07-25T08:49:14","date_gmt":"2025-07-25T08:49:14","guid":{"rendered":"https:\/\/innengine.com\/?page_id=29133"},"modified":"2025-12-17T13:41:02","modified_gmt":"2025-12-17T13:41:02","slug":"calidad","status":"publish","type":"page","link":"https:\/\/innengine.com\/es\/calidad\/","title":{"rendered":"Pol\u00edtica de Calidad"},"content":{"rendered":"\t\t<div data-elementor-type=\"wp-page\" data-elementor-id=\"29133\" class=\"elementor elementor-29133\" data-elementor-post-type=\"page\">\n\t\t\t\t\t\t<section class=\"elementor-section elementor-top-section elementor-element elementor-element-8631830 elementor-section-height-min-height elementor-section-stretched elementor-section-boxed elementor-section-height-default elementor-section-items-middle\" data-id=\"8631830\" data-element_type=\"section\" data-settings=\"{&quot;background_background&quot;:&quot;video&quot;,&quot;background_play_on_mobile&quot;:&quot;yes&quot;,&quot;stretch_section&quot;:&quot;section-stretched&quot;}\">\n\t\t\t\t\t\t\t<div class=\"elementor-background-overlay\"><\/div>\n\t\t\t\t\t\t\t<div class=\"elementor-container elementor-column-gap-default\">\n\t\t\t\t\t<div class=\"elementor-column elementor-col-100 elementor-top-column elementor-element elementor-element-886d814\" data-id=\"886d814\" data-element_type=\"column\">\n\t\t\t<div class=\"elementor-widget-wrap\">\n\t\t\t\t\t\t\t<\/div>\n\t\t<\/div>\n\t\t\t\t\t<\/div>\n\t\t<\/section>\n\t\t\t\t<section class=\"elementor-section elementor-top-section elementor-element elementor-element-e421cc9 elementor-section-stretched elementor-section-content-bottom elementor-section-boxed elementor-section-height-default elementor-section-height-default\" data-id=\"e421cc9\" data-element_type=\"section\" data-settings=\"{&quot;stretch_section&quot;:&quot;section-stretched&quot;,&quot;background_background&quot;:&quot;classic&quot;}\">\n\t\t\t\t\t\t<div class=\"elementor-container elementor-column-gap-no\">\n\t\t\t\t\t<div class=\"elementor-column elementor-col-100 elementor-top-column elementor-element elementor-element-4c5896a\" data-id=\"4c5896a\" data-element_type=\"column\">\n\t\t\t<div class=\"elementor-widget-wrap elementor-element-populated\">\n\t\t\t\t\t\t<div class=\"elementor-element elementor-element-193d64e elementor-widget elementor-widget-image\" data-id=\"193d64e\" data-element_type=\"widget\" data-widget_type=\"image.default\">\n\t\t\t\t<div class=\"elementor-widget-container\">\n\t\t\t\t\t<span id=\"scroll69e9280d38b07\"  class=\"scrollMagicControl\" type=\"hidden\" effect = {} wpmp_enable_desktop=\"yes\" wpmp_enable_tablet=\"yes\" wpmp_enable_mobile=\"yes\" wpmp_trigger_hook=\"0.5\" wpmp_reverse=\"yes\" wpmp_class_CSS =\"custom\" split-text = {} value=\"scrollmagic\"><\/span>\t\t\t\t\t\t\t\t\t\t<img fetchpriority=\"high\" decoding=\"async\" width=\"594\" height=\"840\" src=\"https:\/\/innengine.com\/wp-content\/uploads\/2025\/12\/Certificado-Calidad-1.jpg\" class=\"attachment-large size-large wp-image-29950\" alt=\"\" \/>\t\t\t\t\t\t\t\t\t\t\t\t\t\t\t<\/div>\n\t\t\t\t<\/div>\n\t\t\t\t<div class=\"elementor-element elementor-element-4b998b9 elementor-widget elementor-widget-text-editor\" data-id=\"4b998b9\" data-element_type=\"widget\" data-widget_type=\"text-editor.default\">\n\t\t\t\t<div class=\"elementor-widget-container\">\n\t\t\t\t\t<span id=\"scroll69e9585715462\"  class=\"scrollMagicControl\" type=\"hidden\" effect = {} wpmp_enable_desktop=\"yes\" wpmp_enable_tablet=\"yes\" wpmp_enable_mobile=\"yes\" wpmp_trigger_hook=\"0.5\" wpmp_reverse=\"yes\" wpmp_class_CSS =\"custom\" split-text = {} value=\"scrollmagic\"><\/span>\t\t\t\t<h3 style=\"margin-bottom: 0cm; line-height: normal; mso-outline-level: 1;\"><span lang=\"ES\" style=\"font-size: 16.5pt; font-family: 'Helvetica',sans-serif; mso-fareast-font-family: 'Times New Roman'; color: #58656b; mso-font-kerning: 18.0pt; mso-ansi-language: ES; mso-fareast-language: EN-GB;\">POL\u00cdTICA DE CALIDAD \u2013 INNENGINE, S.L.<\/span><strong><br \/><\/strong><\/h3><h2><span style=\"color: #858687; font-family: Helvetica, sans-serif; font-size: 12pt; font-weight: 400;\">En <strong>INNENGINE, S.L.<\/strong>, empresa especializada en el dise\u00f1o, desarrollo y prototipado de motores de nueva generaci\u00f3n, nos comprometemos firmemente con la excelencia, la innovaci\u00f3n tecnol\u00f3gica y la satisfacci\u00f3n de nuestros clientes como ejes fundamentales de nuestra actividad.<br \/>Nuestra Pol\u00edtica de Calidad est\u00e1 alineada con nuestra visi\u00f3n estrat\u00e9gica y se sustenta en los siguientes principios:<\/span><\/h2><h2 style=\"padding-left: 40px;\"><span style=\"color: #858687; font-family: Helvetica, sans-serif; font-size: 12pt; font-weight: 400;\"><br \/><strong>1. Enfoque al cliente y al mercado<\/strong><br \/>Escuchamos activamente las necesidades de nuestros clientes y stakeholders, anticipando soluciones que aporten valor real y sostenible. Nuestra prioridad es su satisfacci\u00f3n, mediante productos que destacan por su rendimiento, fiabilidad y eficiencia.<br \/><strong>2. Cumplimiento normativo y legal<\/strong><br \/>Garantizamos el estricto cumplimiento de los requisitos legales, reglamentarios y contractuales aplicables en cada uno de los mercados en los que operamos.<br \/><strong>3. Innovaci\u00f3n continua y excelencia operativa<\/strong><br \/>Fomentamos una cultura de mejora e innovaci\u00f3n permanente, tanto en nuestros procesos como en nuestros productos, para mantenernos a la vanguardia tecnol\u00f3gica y aumentar nuestra competitividad global.<br \/><strong>4. Gesti\u00f3n por procesos y enfoque basado en riesgos<\/strong><br \/>Aplicamos un enfoque sist\u00e9mico, estructurado y basado en la gesti\u00f3n por procesos, identificando riesgos y oportunidades que permitan optimizar la eficacia del sistema de gesti\u00f3n y asegurar resultados consistentes.<br \/><strong>5. Compromiso con el talento y la implicaci\u00f3n del equipo humano<\/strong><br \/>Promovemos el desarrollo profesional, la participaci\u00f3n activa y la formaci\u00f3n de todas las personas que forman parte de INNENGINE, convencidos de que el talento y la implicaci\u00f3n del equipo son la base de nuestro \u00e9xito.<br \/><strong>6. Compromiso con la Norma ISO 9001 y mejora del sistema<\/strong><br \/>Nos comprometemos a mantener, revisar y mejorar de manera sistem\u00e1tica nuestro Sistema de Gesti\u00f3n de la Calidad, conforme a la norma ISO 9001, como marco de referencia para alcanzar nuestros objetivos estrat\u00e9gicos.<\/span><\/h2><h2><span style=\"color: #858687; font-family: Helvetica, sans-serif; font-size: 12pt; font-weight: 400;\">Esta pol\u00edtica ser\u00e1 comunicada, entendida y aplicada por todo el personal de INNENGINE, y revisada peri\u00f3dicamente para asegurar su vigencia y adecuaci\u00f3n a los retos de la organizaci\u00f3n y del entorno.\u00a0<\/span><span style=\"color: #858687; font-family: Helvetica, sans-serif; font-size: 12pt; font-weight: 400;\"><br \/><\/span><\/h2><div><span style=\"color: #858687; font-family: Helvetica, sans-serif; font-size: 12pt; font-weight: 400;\"><em>Armilla, a 12 de diciembre de 2024<\/em><br \/><strong>Roberto Lendaro<\/strong><br \/><em>CEO<\/em><\/span><\/div>\t\t\t\t\t\t\t\t<\/div>\n\t\t\t\t<\/div>\n\t\t\t\t\t<\/div>\n\t\t<\/div>\n\t\t\t\t\t<\/div>\n\t\t<\/section>\n\t\t\t\t<section class=\"elementor-section elementor-top-section elementor-element elementor-element-04a03ac elementor-section-boxed elementor-section-height-default elementor-section-height-default\" data-id=\"04a03ac\" data-element_type=\"section\" data-settings=\"{&quot;background_background&quot;:&quot;classic&quot;}\">\n\t\t\t\t\t\t<div class=\"elementor-container elementor-column-gap-default\">\n\t\t\t\t\t<div class=\"elementor-column elementor-col-100 elementor-top-column elementor-element elementor-element-1b6643b\" data-id=\"1b6643b\" data-element_type=\"column\">\n\t\t\t<div class=\"elementor-widget-wrap elementor-element-populated\">\n\t\t\t\t\t\t<div class=\"elementor-element elementor-element-efe503e elementor-widget elementor-widget-heading\" data-id=\"efe503e\" data-element_type=\"widget\" data-widget_type=\"heading.default\">\n\t\t\t\t<div class=\"elementor-widget-container\">\n\t\t\t\t\t<span id=\"scroll69e9280d3963c\"  class=\"scrollMagicControl\" type=\"hidden\" effect = {} wpmp_enable_desktop=\"yes\" wpmp_enable_tablet=\"yes\" wpmp_enable_mobile=\"yes\" wpmp_trigger_hook=\"0.5\" wpmp_reverse=\"yes\" wpmp_class_CSS =\"custom\" split-text = {} value=\"scrollmagic\"><\/span><h2 class=\"elementor-heading-title elementor-size-default\">Subscribete a nuestra Newsletter<\/h2>\t\t\t\t<\/div>\n\t\t\t\t<\/div>\n\t\t\t\t<div class=\"elementor-element elementor-element-ea48143 elementor-align-center elementor-widget elementor-widget-button\" data-id=\"ea48143\" data-element_type=\"widget\" data-widget_type=\"button.default\">\n\t\t\t\t<div class=\"elementor-widget-container\">\n\t\t\t\t\t<span id=\"scroll69e9280d39ad4\"  class=\"scrollMagicControl\" type=\"hidden\" effect = {} wpmp_enable_desktop=\"yes\" wpmp_enable_tablet=\"yes\" wpmp_enable_mobile=\"yes\" wpmp_trigger_hook=\"0.5\" wpmp_reverse=\"yes\" wpmp_class_CSS =\"custom\" split-text = {} value=\"scrollmagic\"><\/span>\t\t\t\t<div class=\"elementor-button-wrapper\">\n\t\t\t\t\t<a class=\"elementor-button elementor-button-link elementor-size-sm\" href=\"http:\/\/eepurl.com\/h53R3L\">\n\t\t\t\t\t\t<span class=\"elementor-button-content-wrapper\">\n\t\t\t\t\t\t\t\t\t<span class=\"elementor-button-text\">Subscribete<\/span>\n\t\t\t\t\t<\/span>\n\t\t\t\t\t<\/a>\n\t\t\t\t<\/div>\n\t\t\t\t\t\t\t\t<\/div>\n\t\t\t\t<\/div>\n\t\t\t\t\t<\/div>\n\t\t<\/div>\n\t\t\t\t\t<\/div>\n\t\t<\/section>\n\t\t\t\t<\/div>\n\t\t","protected":false},"excerpt":{"rendered":"<p>POL\u00cdTICA DE CALIDAD \u2013 INNENGINE, S.L. En INNENGINE, S.L., empresa especializada en el dise\u00f1o, desarrollo y prototipado de motores de nueva generaci\u00f3n, nos comprometemos firmemente con la excelencia, la innovaci\u00f3n tecnol\u00f3gica y la satisfacci\u00f3n de nuestros clientes como ejes fundamentales de nuestra actividad.Nuestra Pol\u00edtica de Calidad est\u00e1 alineada con nuestra visi\u00f3n estrat\u00e9gica y se sustenta [&hellip;]<\/p>\n","protected":false},"author":1,"featured_media":0,"parent":0,"menu_order":0,"comment_status":"closed","ping_status":"closed","template":"","meta":{"footnotes":""},"class_list":["post-29133","page","type-page","status-publish","hentry"],"yoast_head":"<!-- This site is optimized with the Yoast SEO plugin v26.7 - https:\/\/yoast.com\/wordpress\/plugins\/seo\/ -->\n<title>Pol\u00edtica de Calidad - INNengine<\/title>\n<meta name=\"robots\" content=\"index, follow, max-snippet:-1, max-image-preview:large, max-video-preview:-1\" \/>\n<link rel=\"canonical\" href=\"https:\/\/innengine.com\/es\/calidad\/\" \/>\n<meta property=\"og:locale\" content=\"es_ES\" \/>\n<meta property=\"og:type\" content=\"article\" \/>\n<meta property=\"og:title\" content=\"Pol\u00edtica de Calidad - INNengine\" \/>\n<meta property=\"og:description\" content=\"POL\u00cdTICA DE CALIDAD \u2013 INNENGINE, S.L. En INNENGINE, S.L., empresa especializada en el dise\u00f1o, desarrollo y prototipado de motores de nueva generaci\u00f3n, nos comprometemos firmemente con la excelencia, la innovaci\u00f3n tecnol\u00f3gica y la satisfacci\u00f3n de nuestros clientes como ejes fundamentales de nuestra actividad.Nuestra Pol\u00edtica de Calidad est\u00e1 alineada con nuestra visi\u00f3n estrat\u00e9gica y se sustenta [&hellip;]\" \/>\n<meta property=\"og:url\" content=\"https:\/\/innengine.com\/es\/calidad\/\" \/>\n<meta property=\"og:site_name\" content=\"INNengine\" \/>\n<meta property=\"article:modified_time\" content=\"2025-12-17T13:41:02+00:00\" \/>\n<meta property=\"og:image\" content=\"https:\/\/innengine.com\/wp-content\/uploads\/2025\/12\/Certificado-Calidad-1.jpg\" \/>\n\t<meta property=\"og:image:width\" content=\"594\" \/>\n\t<meta property=\"og:image:height\" content=\"840\" \/>\n\t<meta property=\"og:image:type\" content=\"image\/jpeg\" \/>\n<meta name=\"twitter:card\" content=\"summary_large_image\" \/>\n<meta name=\"twitter:label1\" content=\"Tiempo de lectura\" \/>\n\t<meta name=\"twitter:data1\" content=\"2 minutos\" \/>\n<script type=\"application\/ld+json\" class=\"yoast-schema-graph\">{\"@context\":\"https:\/\/schema.org\",\"@graph\":[{\"@type\":\"WebPage\",\"@id\":\"https:\/\/innengine.com\/es\/calidad\/\",\"url\":\"https:\/\/innengine.com\/es\/calidad\/\",\"name\":\"Pol\u00edtica de Calidad - INNengine\",\"isPartOf\":{\"@id\":\"https:\/\/innengine.com\/#website\"},\"primaryImageOfPage\":{\"@id\":\"https:\/\/innengine.com\/es\/calidad\/#primaryimage\"},\"image\":{\"@id\":\"https:\/\/innengine.com\/es\/calidad\/#primaryimage\"},\"thumbnailUrl\":\"https:\/\/innengine.com\/wp-content\/uploads\/2025\/12\/Certificado-Calidad-1.jpg\",\"datePublished\":\"2025-07-25T08:49:14+00:00\",\"dateModified\":\"2025-12-17T13:41:02+00:00\",\"breadcrumb\":{\"@id\":\"https:\/\/innengine.com\/es\/calidad\/#breadcrumb\"},\"inLanguage\":\"es\",\"potentialAction\":[{\"@type\":\"ReadAction\",\"target\":[\"https:\/\/innengine.com\/es\/calidad\/\"]}]},{\"@type\":\"ImageObject\",\"inLanguage\":\"es\",\"@id\":\"https:\/\/innengine.com\/es\/calidad\/#primaryimage\",\"url\":\"https:\/\/innengine.com\/wp-content\/uploads\/2025\/12\/Certificado-Calidad-1.jpg\",\"contentUrl\":\"https:\/\/innengine.com\/wp-content\/uploads\/2025\/12\/Certificado-Calidad-1.jpg\"},{\"@type\":\"BreadcrumbList\",\"@id\":\"https:\/\/innengine.com\/es\/calidad\/#breadcrumb\",\"itemListElement\":[{\"@type\":\"ListItem\",\"position\":1,\"name\":\"Home\",\"item\":\"https:\/\/innengine.com\/\"},{\"@type\":\"ListItem\",\"position\":2,\"name\":\"Pol\u00edtica de Calidad\"}]},{\"@type\":\"WebSite\",\"@id\":\"https:\/\/innengine.com\/#website\",\"url\":\"https:\/\/innengine.com\/\",\"name\":\"INNengine\",\"description\":\"INNengine\",\"publisher\":{\"@id\":\"https:\/\/innengine.com\/#organization\"},\"potentialAction\":[{\"@type\":\"SearchAction\",\"target\":{\"@type\":\"EntryPoint\",\"urlTemplate\":\"https:\/\/innengine.com\/?s={search_term_string}\"},\"query-input\":{\"@type\":\"PropertyValueSpecification\",\"valueRequired\":true,\"valueName\":\"search_term_string\"}}],\"inLanguage\":\"es\"},{\"@type\":\"Organization\",\"@id\":\"https:\/\/innengine.com\/#organization\",\"name\":\"INNengine\",\"url\":\"https:\/\/innengine.com\/\",\"logo\":{\"@type\":\"ImageObject\",\"inLanguage\":\"es\",\"@id\":\"https:\/\/innengine.com\/#\/schema\/logo\/image\/\",\"url\":\"https:\/\/innengine.com\/wp-content\/uploads\/2022\/04\/icon-150x150-1.png\",\"contentUrl\":\"https:\/\/innengine.com\/wp-content\/uploads\/2022\/04\/icon-150x150-1.png\",\"width\":150,\"height\":150,\"caption\":\"INNengine\"},\"image\":{\"@id\":\"https:\/\/innengine.com\/#\/schema\/logo\/image\/\"}}]}<\/script>\n<!-- \/ Yoast SEO plugin. -->","yoast_head_json":{"title":"Pol\u00edtica de Calidad - INNengine","robots":{"index":"index","follow":"follow","max-snippet":"max-snippet:-1","max-image-preview":"max-image-preview:large","max-video-preview":"max-video-preview:-1"},"canonical":"https:\/\/innengine.com\/es\/calidad\/","og_locale":"es_ES","og_type":"article","og_title":"Pol\u00edtica de Calidad - INNengine","og_description":"POL\u00cdTICA DE CALIDAD \u2013 INNENGINE, S.L. En INNENGINE, S.L., empresa especializada en el dise\u00f1o, desarrollo y prototipado de motores de nueva generaci\u00f3n, nos comprometemos firmemente con la excelencia, la innovaci\u00f3n tecnol\u00f3gica y la satisfacci\u00f3n de nuestros clientes como ejes fundamentales de nuestra actividad.Nuestra Pol\u00edtica de Calidad est\u00e1 alineada con nuestra visi\u00f3n estrat\u00e9gica y se sustenta [&hellip;]","og_url":"https:\/\/innengine.com\/es\/calidad\/","og_site_name":"INNengine","article_modified_time":"2025-12-17T13:41:02+00:00","og_image":[{"width":594,"height":840,"url":"https:\/\/innengine.com\/wp-content\/uploads\/2025\/12\/Certificado-Calidad-1.jpg","type":"image\/jpeg"}],"twitter_card":"summary_large_image","twitter_misc":{"Tiempo de lectura":"2 minutos"},"schema":{"@context":"https:\/\/schema.org","@graph":[{"@type":"WebPage","@id":"https:\/\/innengine.com\/es\/calidad\/","url":"https:\/\/innengine.com\/es\/calidad\/","name":"Pol\u00edtica de Calidad - INNengine","isPartOf":{"@id":"https:\/\/innengine.com\/#website"},"primaryImageOfPage":{"@id":"https:\/\/innengine.com\/es\/calidad\/#primaryimage"},"image":{"@id":"https:\/\/innengine.com\/es\/calidad\/#primaryimage"},"thumbnailUrl":"https:\/\/innengine.com\/wp-content\/uploads\/2025\/12\/Certificado-Calidad-1.jpg","datePublished":"2025-07-25T08:49:14+00:00","dateModified":"2025-12-17T13:41:02+00:00","breadcrumb":{"@id":"https:\/\/innengine.com\/es\/calidad\/#breadcrumb"},"inLanguage":"es","potentialAction":[{"@type":"ReadAction","target":["https:\/\/innengine.com\/es\/calidad\/"]}]},{"@type":"ImageObject","inLanguage":"es","@id":"https:\/\/innengine.com\/es\/calidad\/#primaryimage","url":"https:\/\/innengine.com\/wp-content\/uploads\/2025\/12\/Certificado-Calidad-1.jpg","contentUrl":"https:\/\/innengine.com\/wp-content\/uploads\/2025\/12\/Certificado-Calidad-1.jpg"},{"@type":"BreadcrumbList","@id":"https:\/\/innengine.com\/es\/calidad\/#breadcrumb","itemListElement":[{"@type":"ListItem","position":1,"name":"Home","item":"https:\/\/innengine.com\/"},{"@type":"ListItem","position":2,"name":"Pol\u00edtica de Calidad"}]},{"@type":"WebSite","@id":"https:\/\/innengine.com\/#website","url":"https:\/\/innengine.com\/","name":"INNengine","description":"INNengine","publisher":{"@id":"https:\/\/innengine.com\/#organization"},"potentialAction":[{"@type":"SearchAction","target":{"@type":"EntryPoint","urlTemplate":"https:\/\/innengine.com\/?s={search_term_string}"},"query-input":{"@type":"PropertyValueSpecification","valueRequired":true,"valueName":"search_term_string"}}],"inLanguage":"es"},{"@type":"Organization","@id":"https:\/\/innengine.com\/#organization","name":"INNengine","url":"https:\/\/innengine.com\/","logo":{"@type":"ImageObject","inLanguage":"es","@id":"https:\/\/innengine.com\/#\/schema\/logo\/image\/","url":"https:\/\/innengine.com\/wp-content\/uploads\/2022\/04\/icon-150x150-1.png","contentUrl":"https:\/\/innengine.com\/wp-content\/uploads\/2022\/04\/icon-150x150-1.png","width":150,"height":150,"caption":"INNengine"},"image":{"@id":"https:\/\/innengine.com\/#\/schema\/logo\/image\/"}}]}},"jetpack_sharing_enabled":true,"_links":{"self":[{"href":"https:\/\/innengine.com\/es\/wp-json\/wp\/v2\/pages\/29133","targetHints":{"allow":["GET"]}}],"collection":[{"href":"https:\/\/innengine.com\/es\/wp-json\/wp\/v2\/pages"}],"about":[{"href":"https:\/\/innengine.com\/es\/wp-json\/wp\/v2\/types\/page"}],"author":[{"embeddable":true,"href":"https:\/\/innengine.com\/es\/wp-json\/wp\/v2\/users\/1"}],"replies":[{"embeddable":true,"href":"https:\/\/innengine.com\/es\/wp-json\/wp\/v2\/comments?post=29133"}],"version-history":[{"count":7,"href":"https:\/\/innengine.com\/es\/wp-json\/wp\/v2\/pages\/29133\/revisions"}],"predecessor-version":[{"id":29968,"href":"https:\/\/innengine.com\/es\/wp-json\/wp\/v2\/pages\/29133\/revisions\/29968"}],"wp:attachment":[{"href":"https:\/\/innengine.com\/es\/wp-json\/wp\/v2\/media?parent=29133"}],"curies":[{"name":"wp","href":"https:\/\/api.w.org\/{rel}","templated":true}]}}